{"id":162,"date":"2017-06-13T10:58:58","date_gmt":"2017-06-13T08:58:58","guid":{"rendered":"http:\/\/www.lachy.h2g.pl\/Blog\/?page_id=162"},"modified":"2017-06-15T13:28:00","modified_gmt":"2017-06-15T11:28:00","slug":"linki","status":"publish","type":"page","link":"http:\/\/www.lachy.h2g.pl\/Blog\/linki\/","title":{"rendered":"Linki"},"content":{"rendered":"<h3 style=\"text-align: center;\"><span style=\"color: #000000;\">Witryny po\u017cyteczne dla ka\u017cdego Lechity<\/span><\/h3>\n<p>&nbsp;<\/p>\n<p style=\"padding-left: 30px; text-align: center;\"><a href=\"http:\/\/bialczynski.pl\/\"><strong>Blog Czes\u0142awa Bia\u0142czy\u0144skiego<\/strong><\/a> &#8211; geniusz z Krakowa, samiec alfa rodzimowierc\u00f3w<\/p>\n<p style=\"padding-left: 30px; text-align: center;\"><a href=\"https:\/\/www.facebook.com\/pawel.szydlowski.391\"><strong>Blog Paw\u0142a Szyd\u0142owskiego<\/strong><\/a> &#8211; zawo\u0142any Turbo-Lechita i antykleryka\u0142<\/p>\n<p style=\"padding-left: 30px; text-align: center;\"><a href=\"http:\/\/rudaweb.pl\/\"><strong>Blog Ruda Web<\/strong><\/a> &#8211; rasowy Turbo-Lechita<\/p>\n<p style=\"padding-left: 30px; text-align: center;\"><a href=\"https:\/\/www.facebook.com\/groups\/609089155897307\/\"><strong>Turbos\u0142owianie dla zalogowanych <\/strong><\/a>&#8211;\u00a0elitarny kr\u0105g<\/p>\n<p style=\"text-align: center;\"><a href=\"http:\/\/zrzeszenieslowian.org\/\"><strong>Zrzeszenie S\u0142owian<\/strong><\/a> &#8211; rodzimowiercy, neopoganie, Turbo-Lechici, Turbo-S\u0142owianie<\/p>\n<p style=\"text-align: center;\"><strong><a href=\"https:\/\/wiaraprzyrodzona.wordpress.com\/\">S\u0142owianie\u2013Wiara Przyrodzona<\/a><\/strong> &#8211; Turbo-Lechici, rodzimowierstwo i neopoga\u0144stwo<\/p>\n<p style=\"text-align: center;\"><strong><a href=\"https:\/\/www.facebook.com\/polah4032\/\">Lech\/Lah\/Polah odk\u0142ama\u0107 dumne dzieje Ario-S\u0142owian<\/a><\/strong> &#8211; Turbo-Lechici w natarciu<\/p>\n<p style=\"text-align: center;\"><strong><a href=\"http:\/\/www.fioletowyplomien.com\/pl\/fioletowy-plomien\/wiedza-duchowa\/starozytne-dzieje-polski.html\">Fioletowy P\u0142omie\u0144<\/a><\/strong> &#8211; Turbo-Lechici, ezoteryka i New Age<\/p>\n<p style=\"text-align: center;\"><strong><a href=\"https:\/\/www.facebook.com\/WielkaLechiaLechistan\/\">Wielka Lechia<\/a><\/strong> &#8211; kolejni Turbo-Lechici<\/p>\n<p>&nbsp;<\/p>\n<h5 style=\"text-align: center;\">O! Tutej Turbo-Lechit\u00f3w nie lubi\u0105:<\/h5>\n<p style=\"text-align: center;\"><strong><a href=\"http:\/\/sigillumauthenticum.blogspot.com\/\">Sigillum Authenticum<\/a><\/strong> &#8211; Studenci Uniwersytetu Jagiello\u0144skiego<\/p>\n<p>&nbsp;<\/p>\n","protected":false},"excerpt":{"rendered":"<p>Witryny po\u017cyteczne dla ka\u017cdego Lechity &nbsp; Blog Czes\u0142awa Bia\u0142czy\u0144skiego &#8211; geniusz z Krakowa, samiec alfa rodzimowierc\u00f3w Blog Paw\u0142a Szyd\u0142owskiego &#8211;&hellip;<\/p>\n","protected":false},"author":2,"featured_media":0,"parent":0,"menu_order":5,"comment_status":"closed","ping_status":"closed","template":"","meta":{"_mi_skip_tracking":false,"_exactmetrics_sitenote_active":false,"_exactmetrics_sitenote_note":"","_exactmetrics_sitenote_category":0,"jetpack_post_was_ever_published":false,"footnotes":""},"jetpack_sharing_enabled":true,"jetpack_shortlink":"https:\/\/wp.me\/P8QmK7-2C","jetpack-related-posts":[{"id":377,"url":"http:\/\/www.lachy.h2g.pl\/Blog\/lechita-oswiecony\/","url_meta":{"origin":162,"position":0},"title":"Lechita O\u015bwiecony","author":"Boguchwa\u0142","date":"26 czerwca 2017","format":false,"excerpt":"Lechita O\u015bwiecony \u2013\u00a0Prometeusz Wiedy \u00a0 \u00a0 \u00a0 Strona po\u015bwi\u0119cona naukowym badaniom i naukowym publikacjom po\u015bwi\u0119conym Lechitom i Pras\u0142owianom. O tym, co w nauce wspiera lechicki punkt widzenia, o tym co w nauce nas cieszy! Wieda S\u0142owia\u0144ska i Wieda Lechicka! \u00a0 Jako pierwszy materia\u0142 polecamy: \u21d2 Nowe badania genetyczne S\u0142owian w\u2026","rel":"","context":"Similar post","block_context":{"text":"Similar post","link":""},"img":{"alt_text":"","src":"","width":0,"height":0},"classes":[]},{"id":388,"url":"http:\/\/www.lachy.h2g.pl\/Blog\/zgroza\/","url_meta":{"origin":162,"position":1},"title":"Zgroza!","author":"Rokosz","date":"27 czerwca 2017","format":false,"excerpt":"Na tej stronie zajmiemy si\u0119 licznemi spiskami co w Lechit\u00f3w mocno godz\u0105 \u00a0 Tu poczytacie konkretnie, kto gdzie i kiedy nasz\u0105 pami\u0119\u0107 lechick\u0105 nie\u015bmierteln\u0105 niszczy\u0142. Kto Lechit\u00f3w nienawidzi i obcym s\u0142u\u017cy dla korzy\u015bci niegodnych. \u00a0 Czyli o paleniu ksi\u0105g lechickich. Najsamprz\u00f3d \u00a0\u21d2 \u00a0NRD i agenci STASI kontra Lechici O tym\u2026","rel":"","context":"Similar post","block_context":{"text":"Similar post","link":""},"img":{"alt_text":"","src":"","width":0,"height":0},"classes":[]},{"id":46,"url":"http:\/\/www.lachy.h2g.pl\/Blog\/kontakt\/","url_meta":{"origin":162,"position":2},"title":"Kontakt","author":"Boguchwa\u0142","date":"11 czerwca 2017","format":false,"excerpt":"Je\u015bli masz zamiar nas obra\u017ca\u0107, udowadnia\u0107, \u017ce jeste\u015b kretynem - to lepiej do nas nie pisz! \u00a0","rel":"","context":"Similar post","block_context":{"text":"Similar post","link":""},"img":{"alt_text":"","src":"","width":0,"height":0},"classes":[]},{"id":353,"url":"http:\/\/www.lachy.h2g.pl\/Blog\/wiara-przyrodzona\/","url_meta":{"origin":162,"position":3},"title":"Wiara Przyrodzona","author":"Boguchwa\u0142","date":"22 czerwca 2017","format":false,"excerpt":"Tutej Lechici dowiedz\u0105 si\u0119 o Wierze Przyrodzonej s\u0142owia\u0144skiej lechickiej. \u00a0 Jako to raniej bywa\u0142o, jako to dzi\u015b jest. Wieda i Wiara Przyrodzona nasza s\u0142owia\u0144ska!!! \u00a0 Najsamprz\u00f3d Rudolf Steiner \u2013 guru s\u0142owia\u0144skiej Wiary Przyrodzonej! \u00a0 \u00a0 \u00a0","rel":"","context":"Similar post","block_context":{"text":"Similar post","link":""},"img":{"alt_text":"","src":"","width":0,"height":0},"classes":[]},{"id":391,"url":"http:\/\/www.lachy.h2g.pl\/Blog\/o-bogi\/","url_meta":{"origin":162,"position":4},"title":"O Bogi!","author":"Boguchwa\u0142","date":"27 czerwca 2017","format":false,"excerpt":"\u015awi\u0119tawit, Prowe oraz Swarog tu rz\u0105dz\u0105!!! \u00a0 Tu b\u0119dzie s\u0142\u00f3w m\u0105drych nieco o bogach s\u0142owia\u0144skich i lechickich. Perun gromowy, Nyja z Gniezna, Simurg z Rusi i Sziwa z Po\u0142abia! \u00a0 Galeria ze s\u0142owia\u0144skimi bogami: Sztuka S\u0142owia\u0144ska \u2013 Bogumi\u0142 Znicz \u2013 cz\u0119\u015b\u0107 1 Sztuka S\u0142owia\u0144ska \u2013 Bogumi\u0142 Znicz \u2013 cz\u0119\u015b\u0107 2\u2026","rel":"","context":"Similar post","block_context":{"text":"Similar post","link":""},"img":{"alt_text":"","src":"","width":0,"height":0},"classes":[]}],"_links":{"self":[{"href":"http:\/\/www.lachy.h2g.pl\/Blog\/wp-json\/wp\/v2\/pages\/162"}],"collection":[{"href":"http:\/\/www.lachy.h2g.pl\/Blog\/wp-json\/wp\/v2\/pages"}],"about":[{"href":"http:\/\/www.lachy.h2g.pl\/Blog\/wp-json\/wp\/v2\/types\/page"}],"author":[{"embeddable":true,"href":"http:\/\/www.lachy.h2g.pl\/Blog\/wp-json\/wp\/v2\/users\/2"}],"replies":[{"embeddable":true,"href":"http:\/\/www.lachy.h2g.pl\/Blog\/wp-json\/wp\/v2\/comments?post=162"}],"version-history":[{"count":26,"href":"http:\/\/www.lachy.h2g.pl\/Blog\/wp-json\/wp\/v2\/pages\/162\/revisions"}],"predecessor-version":[{"id":250,"href":"http:\/\/www.lachy.h2g.pl\/Blog\/wp-json\/wp\/v2\/pages\/162\/revisions\/250"}],"wp:attachment":[{"href":"http:\/\/www.lachy.h2g.pl\/Blog\/wp-json\/wp\/v2\/media?parent=162"}],"curies":[{"name":"wp","href":"https:\/\/api.w.org\/{rel}","templated":true}]}}