{"id":353,"date":"2017-06-22T12:01:24","date_gmt":"2017-06-22T10:01:24","guid":{"rendered":"http:\/\/www.lachy.h2g.pl\/Blog\/?page_id=353"},"modified":"2017-07-24T21:18:40","modified_gmt":"2017-07-24T19:18:40","slug":"wiara-przyrodzona","status":"publish","type":"page","link":"http:\/\/www.lachy.h2g.pl\/Blog\/wiara-przyrodzona\/","title":{"rendered":"Wiara Przyrodzona"},"content":{"rendered":"<h3 style=\"text-align: center;\">Tutej Lechici dowiedz\u0105 si\u0119 o Wierze Przyrodzonej<br \/>\ns\u0142owia\u0144skiej lechickiej.<\/h3>\n<p>&nbsp;<\/p>\n<p style=\"text-align: center;\">Jako to raniej bywa\u0142o, jako to dzi\u015b jest.<br \/>\nWieda i Wiara Przyrodzona nasza s\u0142owia\u0144ska!!!<\/p>\n<p>&nbsp;<\/p>\n<p style=\"text-align: center;\">Najsamprz\u00f3d<br \/>\n<strong><a href=\"http:\/\/www.lachy.h2g.pl\/Blog\/2017\/07\/rudolf-steiner-guru-slowianskiej-wiary-przyrodzonej\/\">Rudolf Steiner \u2013 guru s\u0142owia\u0144skiej Wiary Przyrodzonej!<\/a><\/strong><\/p>\n<p>&nbsp;<\/p>\n<p>&nbsp;<\/p>\n<p>&nbsp;<\/p>\n","protected":false},"excerpt":{"rendered":"<p>Tutej Lechici dowiedz\u0105 si\u0119 o Wierze Przyrodzonej s\u0142owia\u0144skiej lechickiej. &nbsp; Jako to raniej bywa\u0142o, jako to dzi\u015b jest. Wieda i&hellip;<\/p>\n","protected":false},"author":1,"featured_media":0,"parent":0,"menu_order":4,"comment_status":"closed","ping_status":"closed","template":"","meta":{"_mi_skip_tracking":false,"_exactmetrics_sitenote_active":false,"_exactmetrics_sitenote_note":"","_exactmetrics_sitenote_category":0,"jetpack_post_was_ever_published":false,"footnotes":""},"jetpack_sharing_enabled":true,"jetpack_shortlink":"https:\/\/wp.me\/P8QmK7-5H","jetpack-related-posts":[{"id":162,"url":"http:\/\/www.lachy.h2g.pl\/Blog\/linki\/","url_meta":{"origin":353,"position":0},"title":"Linki","author":"Rokosz","date":"13 czerwca 2017","format":false,"excerpt":"Witryny po\u017cyteczne dla ka\u017cdego Lechity \u00a0 Blog Czes\u0142awa Bia\u0142czy\u0144skiego - geniusz z Krakowa, samiec alfa rodzimowierc\u00f3w Blog Paw\u0142a Szyd\u0142owskiego - zawo\u0142any Turbo-Lechita i antykleryka\u0142 Blog Ruda Web - rasowy Turbo-Lechita Turbos\u0142owianie dla zalogowanych -\u00a0elitarny kr\u0105g Zrzeszenie S\u0142owian - rodzimowiercy, neopoganie, Turbo-Lechici, Turbo-S\u0142owianie S\u0142owianie\u2013Wiara Przyrodzona - Turbo-Lechici, rodzimowierstwo i neopoga\u0144stwo Lech\/Lah\/Polah\u2026","rel":"","context":"Similar post","block_context":{"text":"Similar post","link":""},"img":{"alt_text":"","src":"","width":0,"height":0},"classes":[]},{"id":377,"url":"http:\/\/www.lachy.h2g.pl\/Blog\/lechita-oswiecony\/","url_meta":{"origin":353,"position":1},"title":"Lechita O\u015bwiecony","author":"Boguchwa\u0142","date":"26 czerwca 2017","format":false,"excerpt":"Lechita O\u015bwiecony \u2013\u00a0Prometeusz Wiedy \u00a0 \u00a0 \u00a0 Strona po\u015bwi\u0119cona naukowym badaniom i naukowym publikacjom po\u015bwi\u0119conym Lechitom i Pras\u0142owianom. O tym, co w nauce wspiera lechicki punkt widzenia, o tym co w nauce nas cieszy! Wieda S\u0142owia\u0144ska i Wieda Lechicka! \u00a0 Jako pierwszy materia\u0142 polecamy: \u21d2 Nowe badania genetyczne S\u0142owian w\u2026","rel":"","context":"Similar post","block_context":{"text":"Similar post","link":""},"img":{"alt_text":"","src":"","width":0,"height":0},"classes":[]}],"_links":{"self":[{"href":"http:\/\/www.lachy.h2g.pl\/Blog\/wp-json\/wp\/v2\/pages\/353"}],"collection":[{"href":"http:\/\/www.lachy.h2g.pl\/Blog\/wp-json\/wp\/v2\/pages"}],"about":[{"href":"http:\/\/www.lachy.h2g.pl\/Blog\/wp-json\/wp\/v2\/types\/page"}],"author":[{"embeddable":true,"href":"http:\/\/www.lachy.h2g.pl\/Blog\/wp-json\/wp\/v2\/users\/1"}],"replies":[{"embeddable":true,"href":"http:\/\/www.lachy.h2g.pl\/Blog\/wp-json\/wp\/v2\/comments?post=353"}],"version-history":[{"count":10,"href":"http:\/\/www.lachy.h2g.pl\/Blog\/wp-json\/wp\/v2\/pages\/353\/revisions"}],"predecessor-version":[{"id":422,"href":"http:\/\/www.lachy.h2g.pl\/Blog\/wp-json\/wp\/v2\/pages\/353\/revisions\/422"}],"wp:attachment":[{"href":"http:\/\/www.lachy.h2g.pl\/Blog\/wp-json\/wp\/v2\/media?parent=353"}],"curies":[{"name":"wp","href":"https:\/\/api.w.org\/{rel}","templated":true}]}}