{"id":391,"date":"2017-06-27T09:26:14","date_gmt":"2017-06-27T07:26:14","guid":{"rendered":"http:\/\/www.lachy.h2g.pl\/Blog\/?page_id=391"},"modified":"2017-10-16T10:03:57","modified_gmt":"2017-10-16T08:03:57","slug":"o-bogi","status":"publish","type":"page","link":"http:\/\/www.lachy.h2g.pl\/Blog\/o-bogi\/","title":{"rendered":"O Bogi!"},"content":{"rendered":"<h4><strong><a href=\"https:\/\/i0.wp.com\/www.lachy.h2g.pl\/Blog\/wp-content\/uploads\/2017\/06\/Bogi-1-b.jpg\" data-rel=\"lightbox-gallery-w1M19lZI\" data-rl_title=\"\" data-rl_caption=\"\" title=\"\"><img data-attachment-id=\"171\" data-permalink=\"http:\/\/www.lachy.h2g.pl\/Blog\/o-bogi\/bogi-1-b\/\" data-orig-file=\"https:\/\/i0.wp.com\/www.lachy.h2g.pl\/Blog\/wp-content\/uploads\/2017\/06\/Bogi-1-b.jpg?fit=366%2C945\" data-orig-size=\"366,945\" data-comments-opened=\"0\" data-image-meta=\"{&quot;aperture&quot;:&quot;0&quot;,&quot;credit&quot;:&quot;&quot;,&quot;camera&quot;:&quot;&quot;,&quot;caption&quot;:&quot;&quot;,&quot;created_timestamp&quot;:&quot;0&quot;,&quot;copyright&quot;:&quot;&quot;,&quot;focal_length&quot;:&quot;0&quot;,&quot;iso&quot;:&quot;0&quot;,&quot;shutter_speed&quot;:&quot;0&quot;,&quot;title&quot;:&quot;&quot;,&quot;orientation&quot;:&quot;0&quot;}\" data-image-title=\"Bogi-1-b\" data-image-description=\"\" data-image-caption=\"\" data-medium-file=\"https:\/\/i0.wp.com\/www.lachy.h2g.pl\/Blog\/wp-content\/uploads\/2017\/06\/Bogi-1-b.jpg?fit=116%2C300\" data-large-file=\"https:\/\/i0.wp.com\/www.lachy.h2g.pl\/Blog\/wp-content\/uploads\/2017\/06\/Bogi-1-b.jpg?fit=366%2C945\" decoding=\"async\" loading=\"lazy\" class=\"alignleft wp-image-171\" src=\"https:\/\/i0.wp.com\/www.lachy.h2g.pl\/Blog\/wp-content\/uploads\/2017\/06\/Bogi-1-b.jpg?resize=192%2C496\" alt=\"\" width=\"192\" height=\"496\" srcset=\"https:\/\/i0.wp.com\/www.lachy.h2g.pl\/Blog\/wp-content\/uploads\/2017\/06\/Bogi-1-b.jpg?w=366 366w, https:\/\/i0.wp.com\/www.lachy.h2g.pl\/Blog\/wp-content\/uploads\/2017\/06\/Bogi-1-b.jpg?resize=116%2C300 116w\" sizes=\"(max-width: 192px) 100vw, 192px\" data-recalc-dims=\"1\" \/><\/a>\u015awi\u0119tawit, Prowe<br \/>\noraz Swarog tu rz\u0105dz\u0105!!!<\/strong><\/h4>\n<p>&nbsp;<\/p>\n<p>Tu b\u0119dzie s\u0142\u00f3w m\u0105drych nieco o bogach s\u0142owia\u0144skich<br \/>\ni lechickich. Perun gromowy, Nyja z Gniezna, Simurg<br \/>\nz Rusi i Sziwa z Po\u0142abia!<\/p>\n<p>&nbsp;<\/p>\n<p>Galeria ze s\u0142owia\u0144skimi bogami:<\/p>\n<p class=\"entry-title\"><a href=\"http:\/\/www.lachy.h2g.pl\/Blog\/2017\/08\/sztuka-slowianska-bogumil-znicz-czesc-1\/\"><span style=\"color: #ff6600;\"><strong>Sztuka S\u0142owia\u0144ska \u2013 Bogumi\u0142 Znicz \u2013 cz\u0119\u015b\u0107 1<\/strong><\/span><\/a><\/p>\n<p class=\"entry-title\"><a href=\"http:\/\/www.lachy.h2g.pl\/Blog\/2017\/09\/sztuka-slowianska-bogumil-znicz-czesc-2\/\"><span style=\"color: #ff6600;\"><strong>Sztuka S\u0142owia\u0144ska \u2013 Bogumi\u0142 Znicz \u2013 cz\u0119\u015b\u0107 2<\/strong><\/span><\/a><\/p>\n<p>&nbsp;<\/p>\n<p>&nbsp;<\/p>\n<p>&nbsp;<\/p>\n<p>&nbsp;<\/p>\n<p>&nbsp;<\/p>\n<p>&nbsp;<\/p>\n","protected":false},"excerpt":{"rendered":"<p>\u015awi\u0119tawit, Prowe oraz Swarog tu rz\u0105dz\u0105!!! &nbsp; Tu b\u0119dzie s\u0142\u00f3w m\u0105drych nieco o bogach s\u0142owia\u0144skich i lechickich. Perun gromowy, Nyja&hellip;<\/p>\n","protected":false},"author":1,"featured_media":0,"parent":0,"menu_order":2,"comment_status":"closed","ping_status":"closed","template":"","meta":{"_mi_skip_tracking":false,"_exactmetrics_sitenote_active":false,"_exactmetrics_sitenote_note":"","_exactmetrics_sitenote_category":0,"jetpack_post_was_ever_published":false,"footnotes":""},"jetpack_sharing_enabled":true,"jetpack_shortlink":"https:\/\/wp.me\/P8QmK7-6j","jetpack-related-posts":[{"id":353,"url":"http:\/\/www.lachy.h2g.pl\/Blog\/wiara-przyrodzona\/","url_meta":{"origin":391,"position":0},"title":"Wiara Przyrodzona","author":"Boguchwa\u0142","date":"22 czerwca 2017","format":false,"excerpt":"Tutej Lechici dowiedz\u0105 si\u0119 o Wierze Przyrodzonej s\u0142owia\u0144skiej lechickiej. \u00a0 Jako to raniej bywa\u0142o, jako to dzi\u015b jest. Wieda i Wiara Przyrodzona nasza s\u0142owia\u0144ska!!! \u00a0 Najsamprz\u00f3d Rudolf Steiner \u2013 guru s\u0142owia\u0144skiej Wiary Przyrodzonej! \u00a0 \u00a0 \u00a0","rel":"","context":"Similar post","block_context":{"text":"Similar post","link":""},"img":{"alt_text":"","src":"","width":0,"height":0},"classes":[]},{"id":377,"url":"http:\/\/www.lachy.h2g.pl\/Blog\/lechita-oswiecony\/","url_meta":{"origin":391,"position":1},"title":"Lechita O\u015bwiecony","author":"Boguchwa\u0142","date":"26 czerwca 2017","format":false,"excerpt":"Lechita O\u015bwiecony \u2013\u00a0Prometeusz Wiedy \u00a0 \u00a0 \u00a0 Strona po\u015bwi\u0119cona naukowym badaniom i naukowym publikacjom po\u015bwi\u0119conym Lechitom i Pras\u0142owianom. O tym, co w nauce wspiera lechicki punkt widzenia, o tym co w nauce nas cieszy! Wieda S\u0142owia\u0144ska i Wieda Lechicka! \u00a0 Jako pierwszy materia\u0142 polecamy: \u21d2 Nowe badania genetyczne S\u0142owian w\u2026","rel":"","context":"Similar post","block_context":{"text":"Similar post","link":""},"img":{"alt_text":"","src":"","width":0,"height":0},"classes":[]},{"id":162,"url":"http:\/\/www.lachy.h2g.pl\/Blog\/linki\/","url_meta":{"origin":391,"position":2},"title":"Linki","author":"Rokosz","date":"13 czerwca 2017","format":false,"excerpt":"Witryny po\u017cyteczne dla ka\u017cdego Lechity \u00a0 Blog Czes\u0142awa Bia\u0142czy\u0144skiego - geniusz z Krakowa, samiec alfa rodzimowierc\u00f3w Blog Paw\u0142a Szyd\u0142owskiego - zawo\u0142any Turbo-Lechita i antykleryka\u0142 Blog Ruda Web - rasowy Turbo-Lechita Turbos\u0142owianie dla zalogowanych -\u00a0elitarny kr\u0105g Zrzeszenie S\u0142owian - rodzimowiercy, neopoganie, Turbo-Lechici, Turbo-S\u0142owianie S\u0142owianie\u2013Wiara Przyrodzona - Turbo-Lechici, rodzimowierstwo i neopoga\u0144stwo Lech\/Lah\/Polah\u2026","rel":"","context":"Similar post","block_context":{"text":"Similar post","link":""},"img":{"alt_text":"","src":"","width":0,"height":0},"classes":[]},{"id":388,"url":"http:\/\/www.lachy.h2g.pl\/Blog\/zgroza\/","url_meta":{"origin":391,"position":3},"title":"Zgroza!","author":"Rokosz","date":"27 czerwca 2017","format":false,"excerpt":"Na tej stronie zajmiemy si\u0119 licznemi spiskami co w Lechit\u00f3w mocno godz\u0105 \u00a0 Tu poczytacie konkretnie, kto gdzie i kiedy nasz\u0105 pami\u0119\u0107 lechick\u0105 nie\u015bmierteln\u0105 niszczy\u0142. Kto Lechit\u00f3w nienawidzi i obcym s\u0142u\u017cy dla korzy\u015bci niegodnych. \u00a0 Czyli o paleniu ksi\u0105g lechickich. Najsamprz\u00f3d \u00a0\u21d2 \u00a0NRD i agenci STASI kontra Lechici O tym\u2026","rel":"","context":"Similar post","block_context":{"text":"Similar post","link":""},"img":{"alt_text":"","src":"","width":0,"height":0},"classes":[]}],"_links":{"self":[{"href":"http:\/\/www.lachy.h2g.pl\/Blog\/wp-json\/wp\/v2\/pages\/391"}],"collection":[{"href":"http:\/\/www.lachy.h2g.pl\/Blog\/wp-json\/wp\/v2\/pages"}],"about":[{"href":"http:\/\/www.lachy.h2g.pl\/Blog\/wp-json\/wp\/v2\/types\/page"}],"author":[{"embeddable":true,"href":"http:\/\/www.lachy.h2g.pl\/Blog\/wp-json\/wp\/v2\/users\/1"}],"replies":[{"embeddable":true,"href":"http:\/\/www.lachy.h2g.pl\/Blog\/wp-json\/wp\/v2\/comments?post=391"}],"version-history":[{"count":9,"href":"http:\/\/www.lachy.h2g.pl\/Blog\/wp-json\/wp\/v2\/pages\/391\/revisions"}],"predecessor-version":[{"id":635,"href":"http:\/\/www.lachy.h2g.pl\/Blog\/wp-json\/wp\/v2\/pages\/391\/revisions\/635"}],"wp:attachment":[{"href":"http:\/\/www.lachy.h2g.pl\/Blog\/wp-json\/wp\/v2\/media?parent=391"}],"curies":[{"name":"wp","href":"https:\/\/api.w.org\/{rel}","templated":true}]}}